{"id":87,"date":"2026-04-29T08:42:41","date_gmt":"2026-04-29T08:42:41","guid":{"rendered":"https:\/\/shop.pandalocker.com\/?post_type=product&#038;p=87"},"modified":"2026-05-03T20:58:55","modified_gmt":"2026-05-03T20:58:55","slug":"schliesfach-xl","status":"publish","type":"product","link":"https:\/\/shop.pandalocker.com\/?produkt=schliesfach-xl","title":{"rendered":"Schlie\u00dffach XL"},"content":{"rendered":"<p><code>Ideal f\u00fcr 4 Kabinenkoffer, oder 1 gro\u00dfen Koffer, oder 1 mittleren Koffer mit 1 Kabinenkoffer. Ma\u00dfe: 85x41x57 cm.<\/code><\/p>\n","protected":false},"excerpt":{"rendered":"<p>Ideal f\u00fcr 4 Kabinenkoffer, oder 1 gro\u00dfen Koffer, oder 1 mittleren Koffer mit 1 Kabinenkoffer. Ma\u00dfe: 85x41x57 cm.<\/p>\n","protected":false},"featured_media":79,"comment_status":"open","ping_status":"closed","template":"","meta":[],"product_brand":[],"product_cat":[15],"product_tag":[],"class_list":{"0":"post-87","1":"product","2":"type-product","3":"status-publish","4":"has-post-thumbnail","6":"product_cat-uncategorized","8":"first","9":"instock","10":"shipping-taxable","11":"purchasable","12":"product-type-simple"},"jetpack_sharing_enabled":true,"_links":{"self":[{"href":"https:\/\/shop.pandalocker.com\/index.php?rest_route=\/wp\/v2\/product\/87","targetHints":{"allow":["GET"]}}],"collection":[{"href":"https:\/\/shop.pandalocker.com\/index.php?rest_route=\/wp\/v2\/product"}],"about":[{"href":"https:\/\/shop.pandalocker.com\/index.php?rest_route=\/wp\/v2\/types\/product"}],"replies":[{"embeddable":true,"href":"https:\/\/shop.pandalocker.com\/index.php?rest_route=%2Fwp%2Fv2%2Fcomments&post=87"}],"wp:featuredmedia":[{"embeddable":true,"href":"https:\/\/shop.pandalocker.com\/index.php?rest_route=\/wp\/v2\/media\/79"}],"wp:attachment":[{"href":"https:\/\/shop.pandalocker.com\/index.php?rest_route=%2Fwp%2Fv2%2Fmedia&parent=87"}],"wp:term":[{"taxonomy":"product_brand","embeddable":true,"href":"https:\/\/shop.pandalocker.com\/index.php?rest_route=%2Fwp%2Fv2%2Fproduct_brand&post=87"},{"taxonomy":"product_cat","embeddable":true,"href":"https:\/\/shop.pandalocker.com\/index.php?rest_route=%2Fwp%2Fv2%2Fproduct_cat&post=87"},{"taxonomy":"product_tag","embeddable":true,"href":"https:\/\/shop.pandalocker.com\/index.php?rest_route=%2Fwp%2Fv2%2Fproduct_tag&post=87"}],"curies":[{"name":"wp","href":"https:\/\/api.w.org\/{rel}","templated":true}]}}